{"id":230813,"date":"2022-10-29T02:59:04","date_gmt":"2022-10-29T02:59:04","guid":{"rendered":"http:\/\/fondationchretiennedalliance.com\/?page_id=230813"},"modified":"2022-10-29T22:21:07","modified_gmt":"2022-10-29T22:21:07","slug":"visionnaire","status":"publish","type":"page","link":"https:\/\/fondationchretiennedalliance.com\/index.php\/visionnaire\/","title":{"rendered":"Visionnaire"},"content":{"rendered":"<p>[et_pb_section fb_built=&#8221;1&#8243; admin_label=&#8221;Header&#8221; _builder_version=&#8221;4.16&#8243; _module_preset=&#8221;default&#8221; use_background_color_gradient=&#8221;on&#8221; background_color_gradient_direction=&#8221;90deg&#8221; background_color_gradient_stops=&#8221;#ffffff 30%|rgba(255,255,255,0) 30%&#8221; background_color_gradient_overlays_image=&#8221;on&#8221; background_color_gradient_start=&#8221;#ffffff&#8221; background_color_gradient_start_position=&#8221;30%&#8221; background_color_gradient_end=&#8221;rgba(255,255,255,0)&#8221; background_color_gradient_end_position=&#8221;30%&#8221; background_image=&#8221;http:\/\/ishtiaq.sandbox.etdevs.com\/corporate\/wp-content\/uploads\/sites\/37\/2021\/12\/Rectangle_31.jpeg&#8221; custom_padding=&#8221;||0px||false|false&#8221; locked=&#8221;off&#8221; global_colors_info=&#8221;{}&#8221;][et_pb_row column_structure=&#8221;2_3,1_3&#8243; use_custom_gutter=&#8221;on&#8221; gutter_width=&#8221;1&#8243; _builder_version=&#8221;4.18.1&#8243; _module_preset=&#8221;default&#8221; custom_padding=&#8221;||0px||false|false&#8221; global_colors_info=&#8221;{}&#8221;][et_pb_column type=&#8221;2_3&#8243; _builder_version=&#8221;4.18.1&#8243; _module_preset=&#8221;default&#8221; background_color=&#8221;#7e4e24&#8243; custom_padding=&#8221;60px|60px|60px||true|false&#8221; custom_padding_tablet=&#8221;40px|40px|40px||true|false&#8221; custom_padding_phone=&#8221;20px|20px|20px|20px|true|true&#8221; custom_padding_last_edited=&#8221;on|phone&#8221; box_shadow_style=&#8221;preset4&#8243; box_shadow_horizontal=&#8221;-355px&#8221; box_shadow_vertical=&#8221;0px&#8221; box_shadow_color=&#8221;#7e4e24&#8243; global_colors_info=&#8221;{}&#8221;][et_pb_text _builder_version=&#8221;4.18.1&#8243; _module_preset=&#8221;e598b17a-9229-42f6-b238-019d6094332e&#8221; header_font=&#8221;Outfit|600|||||||&#8221; header_text_color=&#8221;#FFFFFF&#8221; header_font_size=&#8221;40px&#8221; header_line_height=&#8221;1.1em&#8221; custom_margin=&#8221;||0px||false|false&#8221; header_font_size_tablet=&#8221;40px&#8221; header_font_size_phone=&#8221;24px&#8221; header_font_size_last_edited=&#8221;on|phone&#8221; locked=&#8221;off&#8221; global_colors_info=&#8221;{}&#8221;]<\/p>\n<h1>Visionnaire<\/h1>\n<p>[\/et_pb_text][et_pb_divider color=&#8221;rgba(255,255,255,0.3)&#8221; divider_weight=&#8221;10px&#8221; _builder_version=&#8221;4.16&#8243; _module_preset=&#8221;a9fcc5b1-74c5-43b4-b776-3e310da5f3e8&#8243; z_index=&#8221;10&#8243; max_width=&#8221;260px&#8221; height=&#8221;10px&#8221; custom_margin=&#8221;-32px||30px||false|false&#8221; custom_margin_tablet=&#8221;-27px||||false|false&#8221; custom_margin_phone=&#8221;-18px||||false|false&#8221; custom_margin_last_edited=&#8221;on|phone&#8221; global_colors_info=&#8221;{}&#8221;][\/et_pb_divider][\/et_pb_column][et_pb_column type=&#8221;1_3&#8243; _builder_version=&#8221;4.16&#8243; _module_preset=&#8221;default&#8221; global_colors_info=&#8221;{}&#8221;][et_pb_button button_text=&#8221;Contactez-nous&#8221; _builder_version=&#8221;4.18.1&#8243; _module_preset=&#8221;ec1c8900-b8c6-4613-b437-dca1263aa061&#8243; custom_button=&#8221;on&#8221; button_text_size=&#8221;14px&#8221; button_text_color=&#8221;#000000&#8243; button_bg_color=&#8221;#FFFFFF&#8221; button_border_width=&#8221;0px&#8221; button_border_radius=&#8221;0px&#8221; button_font=&#8221;|700|||||||&#8221; custom_padding=&#8221;40px|20px|40px|20px|true|true&#8221; locked=&#8221;off&#8221; global_colors_info=&#8221;{}&#8221;][\/et_pb_button][\/et_pb_column][\/et_pb_row][\/et_pb_section][et_pb_section fb_built=&#8221;1&#8243; admin_label=&#8221;About&#8221; _builder_version=&#8221;4.16&#8243; _module_preset=&#8221;default&#8221; global_colors_info=&#8221;{}&#8221;][et_pb_row column_structure=&#8221;3_5,2_5&#8243; use_custom_gutter=&#8221;on&#8221; gutter_width=&#8221;4&#8243; _builder_version=&#8221;4.16&#8243; _module_preset=&#8221;default&#8221; global_colors_info=&#8221;{}&#8221;][et_pb_column type=&#8221;3_5&#8243; _builder_version=&#8221;4.16&#8243; _module_preset=&#8221;default&#8221; global_colors_info=&#8221;{}&#8221;][et_pb_image src=&#8221;http:\/\/ishtiaq.sandbox.etdevs.com\/corporate\/wp-content\/uploads\/sites\/37\/2021\/12\/Rectangle_32.jpeg&#8221; title_text=&#8221;Rectangle_32&#8243; _builder_version=&#8221;4.16&#8243; _module_preset=&#8221;default&#8221; width=&#8221;80%&#8221; global_colors_info=&#8221;{}&#8221;][\/et_pb_image][et_pb_image src=&#8221;http:\/\/fondationchretiennedalliance.com\/wp-content\/uploads\/2022\/10\/273475909_103179365625523_4587826699056923923_n.jpg&#8221; title_text=&#8221;273475909_103179365625523_4587826699056923923_n&#8221; align=&#8221;right&#8221; align_tablet=&#8221;left&#8221; align_phone=&#8221;left&#8221; align_last_edited=&#8221;off|desktop&#8221; _builder_version=&#8221;4.18.1&#8243; _module_preset=&#8221;default&#8221; width=&#8221;60%&#8221; custom_margin=&#8221;-30%||||false|false&#8221; custom_margin_tablet=&#8221;0px|0px|||false|false&#8221; custom_margin_phone=&#8221;0px|0px|||false|false&#8221; custom_margin_last_edited=&#8221;off|desktop&#8221; hover_enabled=&#8221;0&#8243; box_shadow_style=&#8221;preset2&#8243; box_shadow_horizontal=&#8221;0px&#8221; box_shadow_vertical=&#8221;60px&#8221; box_shadow_blur=&#8221;60px&#8221; box_shadow_color=&#8221;rgba(0,0,0,0.15)&#8221; global_colors_info=&#8221;{}&#8221; sticky_enabled=&#8221;0&#8243;][\/et_pb_image][\/et_pb_column][et_pb_column type=&#8221;2_5&#8243; _builder_version=&#8221;4.16&#8243; _module_preset=&#8221;default&#8221; global_colors_info=&#8221;{}&#8221;][et_pb_text _builder_version=&#8221;4.16&#8243; _module_preset=&#8221;003e9429-8e11-4d9e-968b-8881092bbf81&#8243; header_2_font=&#8221;Outfit|600|||||||&#8221; header_2_text_color=&#8221;#000000&#8243; header_2_font_size=&#8221;48px&#8221; header_2_line_height=&#8221;1.1em&#8221; custom_margin=&#8221;||0px||false|false&#8221; header_2_font_size_tablet=&#8221;32px&#8221; header_2_font_size_phone=&#8221;20px&#8221; header_2_font_size_last_edited=&#8221;on|desktop&#8221; header_2_line_height_tablet=&#8221;1.2em&#8221; header_2_line_height_phone=&#8221;&#8221; header_2_line_height_last_edited=&#8221;on|phone&#8221; locked=&#8221;off&#8221; global_colors_info=&#8221;{}&#8221;]<\/p>\n<h4><span lang=\"fr\">Elie-C\u00e9lestin MBUYAMBA MASHIKA, <\/span><\/h4>\n<h2><\/h2>\n<p>[\/et_pb_text][et_pb_divider color=&#8221;rgba(76,89,76,0.24)&#8221; divider_weight=&#8221;5px&#8221; _builder_version=&#8221;4.16&#8243; _module_preset=&#8221;ce0e852d-65f7-4b50-97d9-c94701b6b484&#8243; max_width=&#8221;210px&#8221; height=&#8221;5px&#8221; custom_margin=&#8221;-24px||30px||false|false&#8221; custom_margin_tablet=&#8221;-22px||||false|false&#8221; custom_margin_phone=&#8221;-18px||||false|false&#8221; custom_margin_last_edited=&#8221;on|phone&#8221; global_colors_info=&#8221;{}&#8221;][\/et_pb_divider][et_pb_text _builder_version=&#8221;4.16&#8243; _module_preset=&#8221;22d0da71-6393-430b-a0cd-b77dd565e85c&#8221; text_line_height=&#8221;1.8em&#8221; text_font_size_tablet=&#8221;15px&#8221; text_font_size_phone=&#8221;14px&#8221; text_font_size_last_edited=&#8221;on|phone&#8221; header_font_size_tablet=&#8221;55px&#8221; header_font_size_last_edited=&#8221;off|desktop&#8221; locked=&#8221;off&#8221; global_colors_info=&#8221;{}&#8221;]<\/p>\n<p style=\"font-weight: 400;\">converti et baptis\u00e9 par l&#8217;immersion le 17 avril 1964-Dipl\u00f4m\u00e9 en Expertise-Comptable en 1977-Dipl\u00f4m\u00e9 en Th\u00e9ologie Pratique, Option Leadership et Croissance de l&#8217;\u00c9glise en 2005-Dr. en Th\u00e9ologie Pratique avec th\u00e8se d\u00e9fendue en 2018.<\/p>\n<p style=\"font-weight: 400;\">Mari\u00e9, p\u00e8re de sept enfants en vie et deux d\u00e9c\u00e9d\u00e9s, auteur de vingt livres chr\u00e9tiens et de deux livres scientifiques dont le Leadership du Pouvoir (105 pages) et l\u2019Audit Technique des Entreprises (144 pages), pr\u00e9sident de la Fondation Chr\u00e9tienne d\u2019Alliance (FCA).<\/p>\n<p>[\/et_pb_text][\/et_pb_column][\/et_pb_row][\/et_pb_section]<\/p>\n","protected":false},"excerpt":{"rendered":"<p>VisionnaireElie-C\u00e9lestin MBUYAMBA MASHIKA, converti et baptis\u00e9 par l&#8217;immersion le 17 avril 1964-Dipl\u00f4m\u00e9 en Expertise-Comptable en 1977-Dipl\u00f4m\u00e9 en Th\u00e9ologie Pratique, Option Leadership et Croissance de l&#8217;\u00c9glise en 2005-Dr. en Th\u00e9ologie Pratique [&hellip;]<\/p>\n","protected":false},"author":1,"featured_media":0,"parent":0,"menu_order":0,"comment_status":"closed","ping_status":"closed","template":"","meta":{"give_campaign_id":0,"_et_pb_use_builder":"on","_et_pb_old_content":"","_et_gb_content_width":"","om_disable_all_campaigns":false,"_monsterinsights_skip_tracking":false,"_monsterinsights_sitenote_active":false,"_monsterinsights_sitenote_note":"","_monsterinsights_sitenote_category":0,"footnotes":""},"class_list":["post-230813","page","type-page","status-publish","hentry"],"aioseo_notices":[],"campaignId":"","_links":{"self":[{"href":"https:\/\/fondationchretiennedalliance.com\/index.php\/wp-json\/wp\/v2\/pages\/230813","targetHints":{"allow":["GET"]}}],"collection":[{"href":"https:\/\/fondationchretiennedalliance.com\/index.php\/wp-json\/wp\/v2\/pages"}],"about":[{"href":"https:\/\/fondationchretiennedalliance.com\/index.php\/wp-json\/wp\/v2\/types\/page"}],"author":[{"embeddable":true,"href":"https:\/\/fondationchretiennedalliance.com\/index.php\/wp-json\/wp\/v2\/users\/1"}],"replies":[{"embeddable":true,"href":"https:\/\/fondationchretiennedalliance.com\/index.php\/wp-json\/wp\/v2\/comments?post=230813"}],"version-history":[{"count":5,"href":"https:\/\/fondationchretiennedalliance.com\/index.php\/wp-json\/wp\/v2\/pages\/230813\/revisions"}],"predecessor-version":[{"id":230874,"href":"https:\/\/fondationchretiennedalliance.com\/index.php\/wp-json\/wp\/v2\/pages\/230813\/revisions\/230874"}],"wp:attachment":[{"href":"https:\/\/fondationchretiennedalliance.com\/index.php\/wp-json\/wp\/v2\/media?parent=230813"}],"curies":[{"name":"wp","href":"https:\/\/api.w.org\/{rel}","templated":true}]}}