{"id":230823,"date":"2022-10-29T03:12:25","date_gmt":"2022-10-29T03:12:25","guid":{"rendered":"http:\/\/fondationchretiennedalliance.com\/?page_id=230823"},"modified":"2022-10-29T22:19:08","modified_gmt":"2022-10-29T22:19:08","slug":"ce-que-nous-croyons","status":"publish","type":"page","link":"https:\/\/fondationchretiennedalliance.com\/index.php\/ce-que-nous-croyons\/","title":{"rendered":"Ce que nous croyons"},"content":{"rendered":"<p>[et_pb_section fb_built=&#8221;1&#8243; admin_label=&#8221;Header&#8221; _builder_version=&#8221;4.18.1&#8243; _module_preset=&#8221;default&#8221; use_background_color_gradient=&#8221;on&#8221; background_color_gradient_direction=&#8221;90deg&#8221; background_color_gradient_stops=&#8221;#ffffff 30%|rgba(255,255,255,0) 30%&#8221; background_color_gradient_overlays_image=&#8221;on&#8221; background_color_gradient_start=&#8221;#ffffff&#8221; background_color_gradient_start_position=&#8221;30%&#8221; background_color_gradient_end=&#8221;rgba(255,255,255,0)&#8221; background_color_gradient_end_position=&#8221;30%&#8221; background_image=&#8221;http:\/\/fondationchretiennedalliance.com\/wp-content\/uploads\/2022\/10\/iStock-165888125.jpg&#8221; custom_padding=&#8221;||0px||false|false&#8221; locked=&#8221;off&#8221; global_colors_info=&#8221;{}&#8221;][et_pb_row column_structure=&#8221;2_3,1_3&#8243; use_custom_gutter=&#8221;on&#8221; gutter_width=&#8221;1&#8243; _builder_version=&#8221;4.18.1&#8243; _module_preset=&#8221;default&#8221; custom_padding=&#8221;||0px||false|false&#8221; global_colors_info=&#8221;{}&#8221;][et_pb_column type=&#8221;2_3&#8243; _builder_version=&#8221;4.18.1&#8243; _module_preset=&#8221;default&#8221; background_color=&#8221;#7e4e24&#8243; custom_padding=&#8221;60px|60px|60px||true|false&#8221; custom_padding_tablet=&#8221;40px|40px|40px||true|false&#8221; custom_padding_phone=&#8221;20px|20px|20px|20px|true|true&#8221; custom_padding_last_edited=&#8221;on|phone&#8221; box_shadow_style=&#8221;preset4&#8243; box_shadow_horizontal=&#8221;-355px&#8221; box_shadow_vertical=&#8221;0px&#8221; box_shadow_color=&#8221;#7e4e24&#8243; global_colors_info=&#8221;{}&#8221;][et_pb_text _builder_version=&#8221;4.18.1&#8243; _module_preset=&#8221;e598b17a-9229-42f6-b238-019d6094332e&#8221; header_font=&#8221;Outfit|600|||||||&#8221; header_text_color=&#8221;#FFFFFF&#8221; header_font_size=&#8221;40px&#8221; header_line_height=&#8221;1.1em&#8221; custom_margin=&#8221;||0px||false|false&#8221; header_font_size_tablet=&#8221;40px&#8221; header_font_size_phone=&#8221;24px&#8221; header_font_size_last_edited=&#8221;on|phone&#8221; locked=&#8221;off&#8221; global_colors_info=&#8221;{}&#8221;]<\/p>\n<h1>Ce que nous croyons<\/h1>\n<p>[\/et_pb_text][et_pb_divider color=&#8221;rgba(255,255,255,0.3)&#8221; divider_weight=&#8221;10px&#8221; _builder_version=&#8221;4.16&#8243; _module_preset=&#8221;a9fcc5b1-74c5-43b4-b776-3e310da5f3e8&#8243; z_index=&#8221;10&#8243; max_width=&#8221;260px&#8221; height=&#8221;10px&#8221; custom_margin=&#8221;-32px||30px||false|false&#8221; custom_margin_tablet=&#8221;-27px||||false|false&#8221; custom_margin_phone=&#8221;-18px||||false|false&#8221; custom_margin_last_edited=&#8221;on|phone&#8221; global_colors_info=&#8221;{}&#8221;][\/et_pb_divider][\/et_pb_column][et_pb_column type=&#8221;1_3&#8243; _builder_version=&#8221;4.16&#8243; _module_preset=&#8221;default&#8221; global_colors_info=&#8221;{}&#8221;][et_pb_button button_text=&#8221;Contactez-nous&#8221; _builder_version=&#8221;4.18.1&#8243; _module_preset=&#8221;ec1c8900-b8c6-4613-b437-dca1263aa061&#8243; custom_button=&#8221;on&#8221; button_text_size=&#8221;14px&#8221; button_text_color=&#8221;#000000&#8243; button_bg_color=&#8221;#FFFFFF&#8221; button_border_width=&#8221;0px&#8221; button_border_radius=&#8221;0px&#8221; button_font=&#8221;|700|||||||&#8221; custom_padding=&#8221;40px|20px|40px|20px|true|true&#8221; locked=&#8221;off&#8221; global_colors_info=&#8221;{}&#8221;][\/et_pb_button][\/et_pb_column][\/et_pb_row][\/et_pb_section][et_pb_section fb_built=&#8221;1&#8243; admin_label=&#8221;About&#8221; _builder_version=&#8221;4.16&#8243; _module_preset=&#8221;default&#8221; global_colors_info=&#8221;{}&#8221;][et_pb_row column_structure=&#8221;1_2,1_2&#8243; use_custom_gutter=&#8221;on&#8221; gutter_width=&#8221;4&#8243; _builder_version=&#8221;4.16&#8243; _module_preset=&#8221;default&#8221; global_colors_info=&#8221;{}&#8221;][et_pb_column type=&#8221;1_2&#8243; _builder_version=&#8221;4.16&#8243; _module_preset=&#8221;default&#8221; global_colors_info=&#8221;{}&#8221;][et_pb_image src=&#8221;http:\/\/fondationchretiennedalliance.com\/wp-content\/uploads\/2022\/10\/closeup-shot-male-with-his-hand-bible-wooden-table.jpg&#8221; title_text=&#8221;Closeup shot of a male with his hand on the bible on a wooden table with a blurred background&#8221; _builder_version=&#8221;4.18.1&#8243; _module_preset=&#8221;default&#8221; width=&#8221;100%&#8221; global_colors_info=&#8221;{}&#8221;][\/et_pb_image][\/et_pb_column][et_pb_column type=&#8221;1_2&#8243; _builder_version=&#8221;4.16&#8243; _module_preset=&#8221;default&#8221; global_colors_info=&#8221;{}&#8221;][et_pb_divider color=&#8221;rgba(76,89,76,0.24)&#8221; divider_weight=&#8221;5px&#8221; _builder_version=&#8221;4.16&#8243; _module_preset=&#8221;ce0e852d-65f7-4b50-97d9-c94701b6b484&#8243; max_width=&#8221;210px&#8221; height=&#8221;5px&#8221; custom_margin=&#8221;-24px||30px||false|false&#8221; custom_margin_tablet=&#8221;-22px||||false|false&#8221; custom_margin_phone=&#8221;-18px||||false|false&#8221; custom_margin_last_edited=&#8221;on|phone&#8221; global_colors_info=&#8221;{}&#8221;][\/et_pb_divider][et_pb_text _builder_version=&#8221;4.18.1&#8243; _module_preset=&#8221;22d0da71-6393-430b-a0cd-b77dd565e85c&#8221; text_line_height=&#8221;1.8em&#8221; text_font_size_tablet=&#8221;15px&#8221; text_font_size_phone=&#8221;14px&#8221; text_font_size_last_edited=&#8221;on|phone&#8221; header_font_size_tablet=&#8221;55px&#8221; header_font_size_last_edited=&#8221;off|desktop&#8221; locked=&#8221;off&#8221; global_colors_info=&#8221;{}&#8221;]<\/p>\n<ol>\n<li>Nous croyons \u00e0 un seul Dieu uni en p\u00e8re, fils et Saint-Esprit.<\/li>\n<li>Nous croyons \u00e0 la vie \u00e9ternelle offerte par la mort du Seigneur J\u00e9sus sur la croix \u00e0 ceux qui croient et qui se font baptiser pour vivre en conformit\u00e9 de vie en Christ.<\/li>\n<li>Nous croyons \u00e0 la naissance miraculeuse du Seigneur J\u00e9sus par sa m\u00e8re biologique, la Vierge Marie de la tribu de Juda (Esa\u00efe 7:14).<\/li>\n<li>Nous croyons \u00e0 l\u2019enl\u00e8vement de l&#8217;\u00e9glise avant la grande tribulation.<\/li>\n<li>Nous croyons au r\u00e8gne mill\u00e9naire du Seigneur J\u00e9sus apr\u00e8s la grande tribulation.<\/li>\n<li>Nous croyons \u00e0 l&#8217;existence de la prison \u00e9ternelle aux p\u00e9cheurs qui n&#8217;auront pas la vie \u00e9ternelle, prison \u00e9ternelle constitu\u00e9e d&#8217;un \u00e9tang de feu (Apocalypse 20:15).<span> <\/span><\/li>\n<\/ol>\n<p>[\/et_pb_text][\/et_pb_column][\/et_pb_row][\/et_pb_section]<\/p>\n","protected":false},"excerpt":{"rendered":"<p>Ce que nous croyons Nous croyons \u00e0 un seul Dieu uni en p\u00e8re, fils et Saint-Esprit. Nous croyons \u00e0 la vie \u00e9ternelle offerte par la mort du Seigneur J\u00e9sus sur [&hellip;]<\/p>\n","protected":false},"author":1,"featured_media":0,"parent":0,"menu_order":0,"comment_status":"closed","ping_status":"closed","template":"","meta":{"give_campaign_id":0,"_et_pb_use_builder":"on","_et_pb_old_content":"","_et_gb_content_width":"","om_disable_all_campaigns":false,"_monsterinsights_skip_tracking":false,"_monsterinsights_sitenote_active":false,"_monsterinsights_sitenote_note":"","_monsterinsights_sitenote_category":0,"footnotes":""},"class_list":["post-230823","page","type-page","status-publish","hentry"],"aioseo_notices":[],"campaignId":"","_links":{"self":[{"href":"https:\/\/fondationchretiennedalliance.com\/index.php\/wp-json\/wp\/v2\/pages\/230823","targetHints":{"allow":["GET"]}}],"collection":[{"href":"https:\/\/fondationchretiennedalliance.com\/index.php\/wp-json\/wp\/v2\/pages"}],"about":[{"href":"https:\/\/fondationchretiennedalliance.com\/index.php\/wp-json\/wp\/v2\/types\/page"}],"author":[{"embeddable":true,"href":"https:\/\/fondationchretiennedalliance.com\/index.php\/wp-json\/wp\/v2\/users\/1"}],"replies":[{"embeddable":true,"href":"https:\/\/fondationchretiennedalliance.com\/index.php\/wp-json\/wp\/v2\/comments?post=230823"}],"version-history":[{"count":5,"href":"https:\/\/fondationchretiennedalliance.com\/index.php\/wp-json\/wp\/v2\/pages\/230823\/revisions"}],"predecessor-version":[{"id":230871,"href":"https:\/\/fondationchretiennedalliance.com\/index.php\/wp-json\/wp\/v2\/pages\/230823\/revisions\/230871"}],"wp:attachment":[{"href":"https:\/\/fondationchretiennedalliance.com\/index.php\/wp-json\/wp\/v2\/media?parent=230823"}],"curies":[{"name":"wp","href":"https:\/\/api.w.org\/{rel}","templated":true}]}}