{"id":231250,"date":"2026-02-23T12:44:49","date_gmt":"2026-02-23T12:44:49","guid":{"rendered":"https:\/\/fondationchretiennedalliance.com\/?page_id=231250"},"modified":"2026-03-01T04:08:34","modified_gmt":"2026-03-01T04:08:34","slug":"podcasts-audio","status":"publish","type":"page","link":"https:\/\/fondationchretiennedalliance.com\/index.php\/podcasts-audio\/","title":{"rendered":"Podcasts audio"},"content":{"rendered":"<p>[et_pb_section fb_built=&#8221;1&#8243; admin_label=&#8221;Header&#8221; _builder_version=&#8221;4.18.1&#8243; use_background_color_gradient=&#8221;on&#8221; background_color_gradient_direction=&#8221;142deg&#8221; background_color_gradient_stops=&#8221;rgba(177,127,74,0.61) 0%|#7e4e24 100%&#8221; background_color_gradient_overlays_image=&#8221;on&#8221; background_color_gradient_start=&#8221;rgba(38,135,255,0.61)&#8221; background_color_gradient_end=&#8221;#600000&#8243; background_image=&#8221;http:\/\/fondationchretiennedalliance.com\/wp-content\/uploads\/2026\/02\/resort-05.jpg&#8221; custom_padding=&#8221;6vw||10vw|||&#8221; locked=&#8221;off&#8221; global_colors_info=&#8221;{}&#8221;][et_pb_row _builder_version=&#8221;4.16&#8243; max_width=&#8221;none&#8221; custom_margin=&#8221;2vw|auto||auto||&#8221; custom_margin_tablet=&#8221;0vw||&#8221; custom_margin_last_edited=&#8221;off|desktop&#8221; custom_padding=&#8221;0px||0px||true&#8221; mix_blend_mode=&#8221;overlay&#8221; locked=&#8221;off&#8221; global_colors_info=&#8221;{}&#8221;][et_pb_column type=&#8221;4_4&#8243; _builder_version=&#8221;4.16&#8243; global_colors_info=&#8221;{}&#8221;][et_pb_text _builder_version=&#8221;4.18.1&#8243; text_font=&#8221;||||||||&#8221; header_font=&#8221;||||||||&#8221; header_2_font=&#8221;Montserrat|800||on|||||&#8221; header_2_font_size=&#8221;7vw&#8221; header_2_letter_spacing=&#8221;0.7em&#8221; transform_scale_tablet=&#8221;&#8221; transform_scale_phone=&#8221;&#8221; transform_scale_last_edited=&#8221;on|desktop&#8221; transform_translate=&#8221;4em|0px&#8221; transform_translate_tablet=&#8221;&#8221; transform_translate_phone=&#8221;0em|0px&#8221; transform_translate_last_edited=&#8221;on|desktop&#8221; transform_translate_linked=&#8221;off&#8221; transform_rotate_tablet=&#8221;&#8221; transform_rotate_phone=&#8221;&#8221; transform_rotate_last_edited=&#8221;on|desktop&#8221; transform_skew_tablet=&#8221;&#8221; transform_skew_phone=&#8221;&#8221; transform_skew_last_edited=&#8221;on|desktop&#8221; transform_origin_tablet=&#8221;&#8221; transform_origin_phone=&#8221;&#8221; transform_origin_last_edited=&#8221;on|desktop&#8221; transform_styles_last_edited=&#8221;on|desktop&#8221; text_orientation=&#8221;center&#8221; background_layout=&#8221;dark&#8221; filter_opacity=&#8221;11%&#8221; header_2_font_size_tablet=&#8221;&#8221; header_2_font_size_phone=&#8221;&#8221; header_2_font_size_last_edited=&#8221;on|phone&#8221; transform_styles_tablet=&#8221;&#8221; transform_styles_phone=&#8221;&#8221; header_2_text_shadow_style=&#8221;preset3&#8243; header_2_text_shadow_color=&#8221;#000000&#8243; text_text_align=&#8221;center&#8221; global_colors_info=&#8221;{}&#8221;]<\/p>\n<h2>Ecouter<\/h2>\n<p>[\/et_pb_text][\/et_pb_column][\/et_pb_row][et_pb_row _builder_version=&#8221;4.16&#8243; max_width=&#8221;none&#8221; custom_padding=&#8221;0px||0px||true|&#8221; locked=&#8221;off&#8221; global_colors_info=&#8221;{}&#8221;][et_pb_column type=&#8221;4_4&#8243; _builder_version=&#8221;4.16&#8243; global_colors_info=&#8221;{}&#8221;][et_pb_text _builder_version=&#8221;4.18.1&#8243; text_font=&#8221;Montserrat|||on|||||&#8221; text_letter_spacing=&#8221;8px&#8221; header_font=&#8221;Montserrat|800||on|||||&#8221; header_font_size=&#8221;3vw&#8221; header_letter_spacing=&#8221;0.2em&#8221; header_line_height=&#8221;1.1em&#8221; text_orientation=&#8221;center&#8221; background_layout=&#8221;dark&#8221; custom_margin=&#8221;-3vw|||||&#8221; header_font_size_tablet=&#8221;&#8221; header_font_size_phone=&#8221;36px&#8221; header_font_size_last_edited=&#8221;on|phone&#8221; header_letter_spacing_tablet=&#8221;&#8221; header_letter_spacing_phone=&#8221;0em&#8221; header_letter_spacing_last_edited=&#8221;on|desktop&#8221; header_text_shadow_style=&#8221;preset3&#8243; header_text_shadow_vertical_length=&#8221;-0.03em&#8221; header_text_shadow_blur_strength=&#8221;0.15em&#8221; text_text_align=&#8221;center&#8221; global_colors_info=&#8221;{}&#8221;]<\/p>\n<h1>Les Podcasts Audio<\/h1>\n<p>de Elie-C\u00e9lestin MBUYAMBA MASHIKA[\/et_pb_text][\/et_pb_column][\/et_pb_row][\/et_pb_section][et_pb_section fb_built=&#8221;1&#8243; custom_padding_last_edited=&#8221;on|desktop&#8221; admin_label=&#8221;Songs&#8221; _builder_version=&#8221;4.16&#8243; background_color=&#8221;rgba(0,0,0,0)&#8221; custom_margin=&#8221;-124px||&#8221; custom_padding=&#8221;0px||0px|||&#8221; custom_padding_tablet=&#8221;50px||0px||false&#8221; custom_padding_phone=&#8221;&#8221; global_colors_info=&#8221;{}&#8221;][et_pb_row use_custom_gutter=&#8221;on&#8221; gutter_width=&#8221;1&#8243; _builder_version=&#8221;4.16&#8243; max_width=&#8221;700px&#8221; max_width_tablet=&#8221;&#8221; max_width_phone=&#8221;&#8221; max_width_last_edited=&#8221;on|desktop&#8221; min_height=&#8221;779px&#8221; custom_margin=&#8221;|auto||auto||&#8221; custom_padding=&#8221;0px||56px|||&#8221; box_shadow_style=&#8221;preset4&#8243; box_shadow_horizontal=&#8221;-30vw&#8221; box_shadow_vertical=&#8221;0px&#8221; box_shadow_color=&#8221;#ffffff&#8221; locked=&#8221;off&#8221; global_colors_info=&#8221;{}&#8221;][et_pb_column type=&#8221;4_4&#8243; _builder_version=&#8221;4.16&#8243; background_color=&#8221;#ffffff&#8221; custom_padding=&#8221;||80px&#8221; box_shadow_style=&#8221;preset3&#8243; box_shadow_blur=&#8221;48px&#8221; box_shadow_spread=&#8221;-24px&#8221; global_colors_info=&#8221;{}&#8221;][et_pb_audio audio=&#8221;http:\/\/fondationchretiennedalliance.com\/wp-content\/uploads\/2026\/02\/PARENTS-QUE-COMPTEZ-VOUS-LEGUER-A-VOS-PROGENITURE.wav&#8221; title=&#8221;Parents, que comptez-vous l\u00e9guer \u00e0 vos prog\u00e9nitures ?&#8221; image_url=&#8221;http:\/\/fondationchretiennedalliance.com\/wp-content\/uploads\/2026\/02\/273475909_103179365625523_4587826699056923923_n.jpg&#8221; _builder_version=&#8221;4.18.1&#8243; _module_preset=&#8221;default&#8221; title_level=&#8221;h4&#8243; background_color=&#8221;#7e4e24&#8243; hover_enabled=&#8221;0&#8243; global_colors_info=&#8221;{}&#8221; title_font=&#8221;Montserrat||||||||&#8221; sticky_enabled=&#8221;0&#8243;][\/et_pb_audio][et_pb_audio audio=&#8221;http:\/\/fondationchretiennedalliance.com\/wp-content\/uploads\/2026\/02\/PAPA-MBUYAMBA-CE-QUE-LES-HOMME-DISE-DE-DIEU.wav&#8221; title=&#8221;Ce que les hommes disent de Dieu&#8221; image_url=&#8221;http:\/\/fondationchretiennedalliance.com\/wp-content\/uploads\/2026\/02\/273475909_103179365625523_4587826699056923923_n.jpg&#8221; _builder_version=&#8221;4.18.1&#8243; _module_preset=&#8221;default&#8221; title_level=&#8221;h4&#8243; background_color=&#8221;#b17f4a&#8221; global_colors_info=&#8221;{}&#8221; title_font=&#8221;Montserrat||||||||&#8221;][\/et_pb_audio][et_pb_audio audio=&#8221;http:\/\/fondationchretiennedalliance.com\/wp-content\/uploads\/2026\/02\/QUI-EST-CE-DIEU-LA-DES-OFRANDE-ET-DES-DIMES.mp3&#8243; title=&#8221;Qui est ce Dieu-l\u00e0 des offrandes et des d\u00eemes ?&#8221; image_url=&#8221;http:\/\/fondationchretiennedalliance.com\/wp-content\/uploads\/2026\/02\/273475909_103179365625523_4587826699056923923_n.jpg&#8221; _builder_version=&#8221;4.18.1&#8243; _module_preset=&#8221;default&#8221; title_level=&#8221;h4&#8243; background_color=&#8221;#b5becb&#8221; global_colors_info=&#8221;{}&#8221; title_font=&#8221;Montserrat||||||||&#8221;][\/et_pb_audio][et_pb_audio audio=&#8221;http:\/\/fondationchretiennedalliance.com\/wp-content\/uploads\/2026\/02\/SOLUTIONS-DE-DIEU-AUX-ANGOISSES-DES-DIGNITAIRES.mp3&#8243; title=&#8221;Solutions de Dieu aux angoisses des dignitaires&#8221; image_url=&#8221;http:\/\/fondationchretiennedalliance.com\/wp-content\/uploads\/2026\/02\/273475909_103179365625523_4587826699056923923_n.jpg&#8221; _builder_version=&#8221;4.18.1&#8243; _module_preset=&#8221;default&#8221; title_level=&#8221;h4&#8243; background_color=&#8221;#c2ccda&#8221; global_colors_info=&#8221;{}&#8221; title_font=&#8221;Montserrat||||||||&#8221;][\/et_pb_audio][\/et_pb_column][\/et_pb_row][\/et_pb_section]<\/p>\n","protected":false},"excerpt":{"rendered":"<p>EcouterLes Podcasts Audio de Elie-C\u00e9lestin MBUYAMBA MASHIKA<\/p>\n","protected":false},"author":1,"featured_media":0,"parent":0,"menu_order":0,"comment_status":"closed","ping_status":"closed","template":"","meta":{"give_campaign_id":0,"_et_pb_use_builder":"on","_et_pb_old_content":"","_et_gb_content_width":"","om_disable_all_campaigns":false,"_monsterinsights_skip_tracking":false,"_monsterinsights_sitenote_active":false,"_monsterinsights_sitenote_note":"","_monsterinsights_sitenote_category":0,"footnotes":""},"class_list":["post-231250","page","type-page","status-publish","hentry"],"aioseo_notices":[],"campaignId":"","_links":{"self":[{"href":"https:\/\/fondationchretiennedalliance.com\/index.php\/wp-json\/wp\/v2\/pages\/231250","targetHints":{"allow":["GET"]}}],"collection":[{"href":"https:\/\/fondationchretiennedalliance.com\/index.php\/wp-json\/wp\/v2\/pages"}],"about":[{"href":"https:\/\/fondationchretiennedalliance.com\/index.php\/wp-json\/wp\/v2\/types\/page"}],"author":[{"embeddable":true,"href":"https:\/\/fondationchretiennedalliance.com\/index.php\/wp-json\/wp\/v2\/users\/1"}],"replies":[{"embeddable":true,"href":"https:\/\/fondationchretiennedalliance.com\/index.php\/wp-json\/wp\/v2\/comments?post=231250"}],"version-history":[{"count":12,"href":"https:\/\/fondationchretiennedalliance.com\/index.php\/wp-json\/wp\/v2\/pages\/231250\/revisions"}],"predecessor-version":[{"id":231352,"href":"https:\/\/fondationchretiennedalliance.com\/index.php\/wp-json\/wp\/v2\/pages\/231250\/revisions\/231352"}],"wp:attachment":[{"href":"https:\/\/fondationchretiennedalliance.com\/index.php\/wp-json\/wp\/v2\/media?parent=231250"}],"curies":[{"name":"wp","href":"https:\/\/api.w.org\/{rel}","templated":true}]}}